{"id":12,"date":"2026-02-03T13:57:02","date_gmt":"2026-02-03T18:57:02","guid":{"rendered":"https:\/\/vgaudet.dectim.ca\/cours\/EP\/blogue\/?page_id=12"},"modified":"2026-02-09T18:03:27","modified_gmt":"2026-02-09T23:03:27","slug":"a-propos","status":"publish","type":"page","link":"https:\/\/vgaudet.dectim.ca\/cours\/EP\/blogue\/a-propos\/","title":{"rendered":"\u00c0 propos"},"content":{"rendered":"\n<div class=\"wp-block-columns is-layout-flex wp-container-core-columns-is-layout-28f84493 wp-block-columns-is-layout-flex\">\n<div class=\"wp-block-column is-layout-flow wp-block-column-is-layout-flow\" style=\"flex-basis:66.66%\">\n<p>Vincent Gaudet est un \u00e9tudiant en 4e session de TIM, qui d\u00e9teste la majorit\u00e9 de ces cours, mais qui n&rsquo;a pas n\u00e9cessairement h\u00e2te de finir non plus puisque que \u00e7a ne va probablement pas s&rsquo;am\u00e9liorer. Il aime les jeux-vid\u00e9os et tout ce qui est japonais sauf leurs r\u00e8gles pour les visas. Il n&rsquo;est pas tr\u00e8s int\u00e9ressant, donc c&rsquo;est plut\u00f4t difficile d&rsquo;\u00e9crire 100 mots sur lui, mais il appr\u00e9cie aussi la moto et le skateboarding. En termes de ce qu&rsquo;il n&rsquo;aime pas, il d\u00e9teste le travail d&rsquo;\u00e9quipe \u00e0 l&rsquo;\u00e9cole et surtout les cours qui se centre compl\u00e8tement autour de celui-ci.<\/p>\n<\/div>\n\n\n\n<div class=\"wp-block-column is-layout-flow wp-block-column-is-layout-flow\" style=\"flex-basis:33.33%\">\n<figure class=\"wp-block-image size-large\"><img loading=\"lazy\" decoding=\"async\" width=\"1024\" height=\"1024\" src=\"https:\/\/vgaudet.dectim.ca\/cours\/EP\/blogue\/wp-content\/uploads\/2026\/02\/gaudet-1024x1024.png\" alt=\"\" class=\"wp-image-105\" srcset=\"https:\/\/vgaudet.dectim.ca\/cours\/EP\/blogue\/wp-content\/uploads\/2026\/02\/gaudet-1024x1024.png 1024w, https:\/\/vgaudet.dectim.ca\/cours\/EP\/blogue\/wp-content\/uploads\/2026\/02\/gaudet-300x300.png 300w, https:\/\/vgaudet.dectim.ca\/cours\/EP\/blogue\/wp-content\/uploads\/2026\/02\/gaudet-150x150.png 150w, https:\/\/vgaudet.dectim.ca\/cours\/EP\/blogue\/wp-content\/uploads\/2026\/02\/gaudet-768x768.png 768w, https:\/\/vgaudet.dectim.ca\/cours\/EP\/blogue\/wp-content\/uploads\/2026\/02\/gaudet.png 1400w\" sizes=\"auto, (max-width: 1024px) 100vw, 1024px\" \/><\/figure>\n<\/div>\n<\/div>\n","protected":false},"excerpt":{"rendered":"<p>Vincent Gaudet est un \u00e9tudiant en 4e session de TIM, qui d\u00e9teste la majorit\u00e9 de ces cours, mais qui n&rsquo;a [&hellip;]<\/p>\n","protected":false},"author":1,"featured_media":0,"parent":0,"menu_order":0,"comment_status":"closed","ping_status":"closed","template":"","meta":{"site-sidebar-layout":"default","site-content-layout":"","ast-site-content-layout":"default","site-content-style":"default","site-sidebar-style":"default","ast-global-header-display":"","ast-banner-title-visibility":"","ast-main-header-display":"","ast-hfb-above-header-display":"","ast-hfb-below-header-display":"","ast-hfb-mobile-header-display":"","site-post-title":"","ast-breadcrumbs-content":"","ast-featured-img":"","footer-sml-layout":"","ast-disable-related-posts":"","theme-transparent-header-meta":"","adv-header-id-meta":"","stick-header-meta":"","header-above-stick-meta":"","header-main-stick-meta":"","header-below-stick-meta":"","astra-migrate-meta-layouts":"default","ast-page-background-enabled":"default","ast-page-background-meta":{"desktop":{"background-color":"var(--ast-global-color-5)","background-image":"","background-repeat":"repeat","background-position":"center center","background-size":"auto","background-attachment":"scroll","background-type":"","background-media":"","overlay-type":"","overlay-color":"","overlay-opacity":"","overlay-gradient":""},"tablet":{"background-color":"","background-image":"","background-repeat":"repeat","background-position":"center center","background-size":"auto","background-attachment":"scroll","background-type":"","background-media":"","overlay-type":"","overlay-color":"","overlay-opacity":"","overlay-gradient":""},"mobile":{"background-color":"","background-image":"","background-repeat":"repeat","background-position":"center center","background-size":"auto","background-attachment":"scroll","background-type":"","background-media":"","overlay-type":"","overlay-color":"","overlay-opacity":"","overlay-gradient":""}},"ast-content-background-meta":{"desktop":{"background-color":"var(--ast-global-color-4)","background-image":"","background-repeat":"repeat","background-position":"center center","background-size":"auto","background-attachment":"scroll","background-type":"","background-media":"","overlay-type":"","overlay-color":"","overlay-opacity":"","overlay-gradient":""},"tablet":{"background-color":"var(--ast-global-color-4)","background-image":"","background-repeat":"repeat","background-position":"center center","background-size":"auto","background-attachment":"scroll","background-type":"","background-media":"","overlay-type":"","overlay-color":"","overlay-opacity":"","overlay-gradient":""},"mobile":{"background-color":"var(--ast-global-color-4)","background-image":"","background-repeat":"repeat","background-position":"center center","background-size":"auto","background-attachment":"scroll","background-type":"","background-media":"","overlay-type":"","overlay-color":"","overlay-opacity":"","overlay-gradient":""}},"footnotes":""},"class_list":["post-12","page","type-page","status-publish","hentry"],"_links":{"self":[{"href":"https:\/\/vgaudet.dectim.ca\/cours\/EP\/blogue\/wp-json\/wp\/v2\/pages\/12","targetHints":{"allow":["GET"]}}],"collection":[{"href":"https:\/\/vgaudet.dectim.ca\/cours\/EP\/blogue\/wp-json\/wp\/v2\/pages"}],"about":[{"href":"https:\/\/vgaudet.dectim.ca\/cours\/EP\/blogue\/wp-json\/wp\/v2\/types\/page"}],"author":[{"embeddable":true,"href":"https:\/\/vgaudet.dectim.ca\/cours\/EP\/blogue\/wp-json\/wp\/v2\/users\/1"}],"replies":[{"embeddable":true,"href":"https:\/\/vgaudet.dectim.ca\/cours\/EP\/blogue\/wp-json\/wp\/v2\/comments?post=12"}],"version-history":[{"count":3,"href":"https:\/\/vgaudet.dectim.ca\/cours\/EP\/blogue\/wp-json\/wp\/v2\/pages\/12\/revisions"}],"predecessor-version":[{"id":106,"href":"https:\/\/vgaudet.dectim.ca\/cours\/EP\/blogue\/wp-json\/wp\/v2\/pages\/12\/revisions\/106"}],"wp:attachment":[{"href":"https:\/\/vgaudet.dectim.ca\/cours\/EP\/blogue\/wp-json\/wp\/v2\/media?parent=12"}],"curies":[{"name":"wp","href":"https:\/\/api.w.org\/{rel}","templated":true}]}}